{"id":643,"date":"2013-02-06T11:35:04","date_gmt":"2013-02-06T10:35:04","guid":{"rendered":"http:\/\/bildateljen.se\/?page_id=643"},"modified":"2026-03-08T15:38:12","modified_gmt":"2026-03-08T14:38:12","slug":"brollop","status":"publish","type":"page","link":"https:\/\/bildateljen.se\/?page_id=643","title":{"rendered":"Br\u00f6llop"},"content":{"rendered":"\n<h2 class=\"wp-block-heading has-text-align-center\">Br\u00f6llopsfotograferingar fr\u00e5n 2900 kr.<\/h2>\n\n\n\n<p class=\"has-text-align-center\"><strong>I alla br\u00f6llopspaket ing\u00e5r det:<\/strong><\/p>\n\n\n\n<p class=\"has-text-align-center\"><strong>1 timme konsultation, ev. rekognosering av fotoplatsen\/er, webbalbum med eget login under 6 m\u00e5nader<\/strong><\/p>\n\n\n\n<p>Nedan hittar du en l\u00e4nk med bilder fr\u00e5n lite olika br\u00f6llopsfotograferingar<\/p>\n\n\n\n<p><a href=\"https:\/\/video214.com\/play\/5C0etxPAyWGWCjVNhuuBEA\/s\/dark\">https:\/\/video214.com\/play\/5C0etxPAyWGWCjVNhuuBEA\/s\/dark<\/a><\/p>\n\n\n<div class=\"wp-block-image\">\n<figure class=\"aligncenter\"><img loading=\"lazy\" decoding=\"async\" width=\"900\" height=\"300\" data-attachment-id=\"1416\" data-permalink=\"https:\/\/bildateljen.se\/?attachment_id=1416\" data-orig-file=\"https:\/\/bildateljen.se\/wp-content\/uploads\/WeddingN0.0.png\" data-orig-size=\"900,300\" data-comments-opened=\"1\" data-image-meta=\"{&quot;aperture&quot;:&quot;0&quot;,&quot;credit&quot;:&quot;&quot;,&quot;camera&quot;:&quot;&quot;,&quot;caption&quot;:&quot;&quot;,&quot;created_timestamp&quot;:&quot;0&quot;,&quot;copyright&quot;:&quot;&quot;,&quot;focal_length&quot;:&quot;0&quot;,&quot;iso&quot;:&quot;0&quot;,&quot;shutter_speed&quot;:&quot;0&quot;,&quot;title&quot;:&quot;&quot;,&quot;orientation&quot;:&quot;0&quot;}\" data-image-title=\"WeddingN0.0\" data-image-description=\"\" data-image-caption=\"\" data-large-file=\"https:\/\/bildateljen.se\/wp-content\/uploads\/WeddingN0.0.png\" src=\"https:\/\/bildateljen.se\/wp-content\/uploads\/WeddingN0.0.png\" alt=\"\" class=\"wp-image-1416\" srcset=\"https:\/\/bildateljen.se\/wp-content\/uploads\/WeddingN0.0.png 900w, https:\/\/bildateljen.se\/wp-content\/uploads\/WeddingN0.0-300x100.png 300w, https:\/\/bildateljen.se\/wp-content\/uploads\/WeddingN0.0-768x256.png 768w\" sizes=\"auto, (max-width: 900px) 100vw, 900px\" \/><\/figure>\n<\/div>\n\n<div class=\"wp-block-image\">\n<figure class=\"aligncenter\"><img loading=\"lazy\" decoding=\"async\" width=\"900\" height=\"300\" data-attachment-id=\"1418\" data-permalink=\"https:\/\/bildateljen.se\/?attachment_id=1418\" data-orig-file=\"https:\/\/bildateljen.se\/wp-content\/uploads\/WeddingN1.0.png\" data-orig-size=\"900,300\" data-comments-opened=\"1\" data-image-meta=\"{&quot;aperture&quot;:&quot;0&quot;,&quot;credit&quot;:&quot;&quot;,&quot;camera&quot;:&quot;&quot;,&quot;caption&quot;:&quot;&quot;,&quot;created_timestamp&quot;:&quot;0&quot;,&quot;copyright&quot;:&quot;&quot;,&quot;focal_length&quot;:&quot;0&quot;,&quot;iso&quot;:&quot;0&quot;,&quot;shutter_speed&quot;:&quot;0&quot;,&quot;title&quot;:&quot;&quot;,&quot;orientation&quot;:&quot;0&quot;}\" data-image-title=\"WeddingN1.0\" data-image-description=\"\" data-image-caption=\"\" data-large-file=\"https:\/\/bildateljen.se\/wp-content\/uploads\/WeddingN1.0.png\" src=\"https:\/\/bildateljen.se\/wp-content\/uploads\/WeddingN1.0.png\" alt=\"\" class=\"wp-image-1418\" srcset=\"https:\/\/bildateljen.se\/wp-content\/uploads\/WeddingN1.0.png 900w, https:\/\/bildateljen.se\/wp-content\/uploads\/WeddingN1.0-300x100.png 300w, https:\/\/bildateljen.se\/wp-content\/uploads\/WeddingN1.0-768x256.png 768w\" sizes=\"auto, (max-width: 900px) 100vw, 900px\" \/><\/figure>\n<\/div>\n\n\n<figure class=\"wp-block-image\"><img loading=\"lazy\" decoding=\"async\" width=\"900\" height=\"300\" data-attachment-id=\"1417\" data-permalink=\"https:\/\/bildateljen.se\/?attachment_id=1417\" data-orig-file=\"https:\/\/bildateljen.se\/wp-content\/uploads\/WeddingN2.6png.png\" data-orig-size=\"900,300\" data-comments-opened=\"1\" data-image-meta=\"{&quot;aperture&quot;:&quot;0&quot;,&quot;credit&quot;:&quot;&quot;,&quot;camera&quot;:&quot;&quot;,&quot;caption&quot;:&quot;&quot;,&quot;created_timestamp&quot;:&quot;0&quot;,&quot;copyright&quot;:&quot;&quot;,&quot;focal_length&quot;:&quot;0&quot;,&quot;iso&quot;:&quot;0&quot;,&quot;shutter_speed&quot;:&quot;0&quot;,&quot;title&quot;:&quot;&quot;,&quot;orientation&quot;:&quot;0&quot;}\" data-image-title=\"WeddingN2.6png\" data-image-description=\"&lt;p&gt;Ett mediumpaket med unika br\u00f6llopsbilder&lt;\/p&gt;\n\" data-image-caption=\"&lt;p&gt;Br\u00f6llopsfotografering 2.6&lt;\/p&gt;\n\" data-large-file=\"https:\/\/bildateljen.se\/wp-content\/uploads\/WeddingN2.6png.png\" src=\"https:\/\/bildateljen.se\/wp-content\/uploads\/WeddingN2.6png.png\" alt=\"Br\u00f6llopsfoto\" class=\"wp-image-1417\" srcset=\"https:\/\/bildateljen.se\/wp-content\/uploads\/WeddingN2.6png.png 900w, https:\/\/bildateljen.se\/wp-content\/uploads\/WeddingN2.6png-300x100.png 300w, https:\/\/bildateljen.se\/wp-content\/uploads\/WeddingN2.6png-768x256.png 768w\" sizes=\"auto, (max-width: 900px) 100vw, 900px\" \/><\/figure>\n\n\n\n<figure class=\"wp-block-image\"><img loading=\"lazy\" decoding=\"async\" width=\"900\" height=\"300\" data-attachment-id=\"1291\" data-permalink=\"https:\/\/bildateljen.se\/?attachment_id=1291\" data-orig-file=\"https:\/\/bildateljen.se\/wp-content\/uploads\/09-54-page\/Wedding-4.1.png\" data-orig-size=\"900,300\" data-comments-opened=\"1\" data-image-meta=\"{&quot;aperture&quot;:&quot;0&quot;,&quot;credit&quot;:&quot;&quot;,&quot;camera&quot;:&quot;&quot;,&quot;caption&quot;:&quot;&quot;,&quot;created_timestamp&quot;:&quot;0&quot;,&quot;copyright&quot;:&quot;&quot;,&quot;focal_length&quot;:&quot;0&quot;,&quot;iso&quot;:&quot;0&quot;,&quot;shutter_speed&quot;:&quot;0&quot;,&quot;title&quot;:&quot;&quot;,&quot;orientation&quot;:&quot;0&quot;}\" data-image-title=\"Wedding 4.1\" data-image-description=\"&lt;p&gt;Br\u00f6llopsfotografering&lt;\/p&gt;\n\" data-image-caption=\"&lt;p&gt;Br\u00f6llop 4.1&lt;\/p&gt;\n\" data-large-file=\"https:\/\/bildateljen.se\/wp-content\/uploads\/09-54-page\/Wedding-4.1.png\" src=\"https:\/\/bildateljen.se\/wp-content\/uploads\/09-54-page\/Wedding-4.1.png\" alt=\"Br\u00f6llopspaket 4+1\" class=\"wp-image-1291\" srcset=\"https:\/\/bildateljen.se\/wp-content\/uploads\/09-54-page\/Wedding-4.1.png 900w, https:\/\/bildateljen.se\/wp-content\/uploads\/09-54-page\/Wedding-4.1-300x100.png 300w, https:\/\/bildateljen.se\/wp-content\/uploads\/09-54-page\/Wedding-4.1-768x256.png 768w\" sizes=\"auto, (max-width: 900px) 100vw, 900px\" \/><\/figure>\n\n\n\n<figure class=\"wp-block-image\"><img loading=\"lazy\" decoding=\"async\" width=\"900\" height=\"300\" data-attachment-id=\"1292\" data-permalink=\"https:\/\/bildateljen.se\/?attachment_id=1292\" data-orig-file=\"https:\/\/bildateljen.se\/wp-content\/uploads\/09-54-page\/Wedding-8.0.png\" data-orig-size=\"900,300\" data-comments-opened=\"1\" data-image-meta=\"{&quot;aperture&quot;:&quot;0&quot;,&quot;credit&quot;:&quot;&quot;,&quot;camera&quot;:&quot;&quot;,&quot;caption&quot;:&quot;&quot;,&quot;created_timestamp&quot;:&quot;0&quot;,&quot;copyright&quot;:&quot;&quot;,&quot;focal_length&quot;:&quot;0&quot;,&quot;iso&quot;:&quot;0&quot;,&quot;shutter_speed&quot;:&quot;0&quot;,&quot;title&quot;:&quot;&quot;,&quot;orientation&quot;:&quot;0&quot;}\" data-image-title=\"Wedding 8.0\" data-image-description=\"&lt;p&gt;8 timmars fotografering p\u00e5 br\u00f6llop inkl bilder&lt;\/p&gt;\n\" data-image-caption=\"&lt;p&gt;Br\u00f6llop 8.0&lt;\/p&gt;\n\" data-large-file=\"https:\/\/bildateljen.se\/wp-content\/uploads\/09-54-page\/Wedding-8.0.png\" src=\"https:\/\/bildateljen.se\/wp-content\/uploads\/09-54-page\/Wedding-8.0.png\" alt=\"Br\u00f6llopspaket 8.0\" class=\"wp-image-1292\" srcset=\"https:\/\/bildateljen.se\/wp-content\/uploads\/09-54-page\/Wedding-8.0.png 900w, https:\/\/bildateljen.se\/wp-content\/uploads\/09-54-page\/Wedding-8.0-300x100.png 300w, https:\/\/bildateljen.se\/wp-content\/uploads\/09-54-page\/Wedding-8.0-768x256.png 768w\" sizes=\"auto, (max-width: 900px) 100vw, 900px\" \/><\/figure>\n<!-- AddThis Advanced Settings generic via filter on the_content --><!-- AddThis Share Buttons generic via filter on the_content -->","protected":false},"excerpt":{"rendered":"<p>Br\u00f6llopsfotograferingar fr\u00e5n 2900 kr. I alla br\u00f6llopspaket ing\u00e5r det: 1 timme konsultation, ev. rekognosering av fotoplatsen\/er, webbalbum med eget login under 6 m\u00e5nader Nedan hittar du en l\u00e4nk med bilder fr\u00e5n lite olika br\u00f6llopsfotograferingar https:\/\/video214.com\/play\/5C0etxPAyWGWCjVNhuuBEA\/s\/dark<!-- AddThis Advanced Settings generic via filter on get_the_excerpt --><!-- AddThis Share Buttons generic via filter on get_the_excerpt --><\/p>\n","protected":false},"author":1,"featured_media":0,"parent":0,"menu_order":0,"comment_status":"open","ping_status":"open","template":"page-templates\/front-page.php","meta":{"advanced_seo_description":"","jetpack_seo_html_title":"","jetpack_seo_noindex":false,"jetpack_post_was_ever_published":false,"footnotes":""},"class_list":["post-643","page","type-page","status-publish","hentry"],"jetpack_shortlink":"https:\/\/wp.me\/P8u969-an","jetpack-related-posts":[],"jetpack_likes_enabled":true,"jetpack_sharing_enabled":true,"_links":{"self":[{"href":"https:\/\/bildateljen.se\/index.php?rest_route=\/wp\/v2\/pages\/643","targetHints":{"allow":["GET"]}}],"collection":[{"href":"https:\/\/bildateljen.se\/index.php?rest_route=\/wp\/v2\/pages"}],"about":[{"href":"https:\/\/bildateljen.se\/index.php?rest_route=\/wp\/v2\/types\/page"}],"author":[{"embeddable":true,"href":"https:\/\/bildateljen.se\/index.php?rest_route=\/wp\/v2\/users\/1"}],"replies":[{"embeddable":true,"href":"https:\/\/bildateljen.se\/index.php?rest_route=%2Fwp%2Fv2%2Fcomments&post=643"}],"version-history":[{"count":19,"href":"https:\/\/bildateljen.se\/index.php?rest_route=\/wp\/v2\/pages\/643\/revisions"}],"predecessor-version":[{"id":2235,"href":"https:\/\/bildateljen.se\/index.php?rest_route=\/wp\/v2\/pages\/643\/revisions\/2235"}],"wp:attachment":[{"href":"https:\/\/bildateljen.se\/index.php?rest_route=%2Fwp%2Fv2%2Fmedia&parent=643"}],"curies":[{"name":"wp","href":"https:\/\/api.w.org\/{rel}","templated":true}]}}