{"id":54,"date":"2011-02-02T11:27:42","date_gmt":"2011-02-02T10:27:42","guid":{"rendered":"http:\/\/bildateljen.se\/?page_id=54"},"modified":"2026-01-22T14:45:07","modified_gmt":"2026-01-22T13:45:07","slug":"priser","status":"publish","type":"page","link":"https:\/\/bildateljen.se\/?page_id=54","title":{"rendered":"Priser !"},"content":{"rendered":"<p>De flesta tj\u00e4nster finns prissatta p\u00e5 bokningssidan:<\/p>\n<p><a href=\"https:\/\/www.sumupbookings.com\/gustavsbergs-bildatelje\" target=\"_blank\" rel=\"noopener\"><img loading=\"lazy\" decoding=\"async\" data-attachment-id=\"2186\" data-permalink=\"https:\/\/bildateljen.se\/?attachment_id=2186\" data-orig-file=\"https:\/\/bildateljen.se\/wp-content\/uploads\/Boka.png\" data-orig-size=\"146,41\" data-comments-opened=\"0\" data-image-meta=\"{&quot;aperture&quot;:&quot;0&quot;,&quot;credit&quot;:&quot;&quot;,&quot;camera&quot;:&quot;&quot;,&quot;caption&quot;:&quot;&quot;,&quot;created_timestamp&quot;:&quot;0&quot;,&quot;copyright&quot;:&quot;&quot;,&quot;focal_length&quot;:&quot;0&quot;,&quot;iso&quot;:&quot;0&quot;,&quot;shutter_speed&quot;:&quot;0&quot;,&quot;title&quot;:&quot;&quot;,&quot;orientation&quot;:&quot;0&quot;}\" data-image-title=\"Boka\" data-image-description=\"&lt;p&gt;Boka Gustavsbergs Bildatelj\u00e9&lt;\/p&gt;\n\" data-image-caption=\"&lt;p&gt;G\u00f6r din bokning !&lt;\/p&gt;\n\" data-large-file=\"https:\/\/bildateljen.se\/wp-content\/uploads\/Boka.png\" class=\"wp-image-2186 size-full\" src=\"https:\/\/bildateljen.se\/wp-content\/uploads\/Boka.png\" alt=\"\" width=\"146\" height=\"41\" \/><\/a><\/p>\n<p>G\u00f6r din bokning !<\/p>\n<p><strong>Portr\u00e4ttfotograferingar<\/strong> f\u00f6r privat bruk fr\u00e5n 1000 kr. Klicka p\u00e5 l\u00e4nken ovan Boka tider &#8230; finns aktuella priser p\u00e5 de fotograferingar som bokas d\u00e4r.<\/p>\n<p>Vi l\u00e4mnar en rabatt med 300 kr p\u00e5 alla v\u00e5ra atelj\u00e9fotograferingar som \u00e4ger rum m\u00e5n-fredag 9.00-17.00.<\/p>\n<p>Bilderna ser du p\u00e5 en visningstid d\u00e4r du har m\u00f6jlighet att f\u00e5 rabatt p\u00e5 upp till 40 %.<\/p>\n<p><strong>Enklare fotograferingar<\/strong>: ID, k\u00f6rkort och visum samt vissa pass (ej svenska- g\u00f6rs av Polismyndigheten) 395 kr, Visum till Kina 495 kr- print och digitalbild. (Usa och Indien se nedan)<\/p>\n<p><strong>ID-fotografering hembes\u00f6k: <\/strong>i n\u00e4romr\u00e5det kostar det 600 kr och bilderna postas sedan hem till er.<\/p>\n<p><strong>Digitalbild<\/strong> till privat hemsida, CV etc.. Fotografering inkl retuscherad bild i jpg 9&#215;12 72 ppi\u00a0 699 kr.<\/p>\n<p><strong>USA-visum\/pass (samma f\u00f6r Indiskt visum)<\/strong>, en visumbild 5&#215;5 cm + en digitalbild 595 kr, bara digitalbild 495 kr, eller bara 2 st prints 5&#215;5 cm 495 kr.<\/p>\n<p><strong>Skadefotografering<\/strong>: Dokumentation till f\u00f6rs\u00e4kringsbolag av \u00e4rr. fr\u00e5n 850 kr + moms beroende p\u00e5 omfattningen av fotograferingen.<\/p>\n<p><strong>Reproduktion<\/strong> av gamla bilder, fr\u00e5n 309 kr. L\u00e5t dem f\u00e5 nytt liv ! Bildkostnad tillkommer fr\u00e5n 83 kr\/st.<\/p>\n<p><strong>Br\u00f6llopsfotograferingar<\/strong> fr\u00e5n 2900 kr.<\/p>\n<p><strong>Br\u00f6llopspaket<\/strong><\/p>\n<p><strong>I alla paket ing\u00e5r det:<\/strong><\/p>\n<p><strong>1 timme konsultation<\/strong><\/p>\n<p><strong>ev. rekognosering av fotoplatsen\/er<\/strong><\/p>\n<p><strong>webbalbum med eget login under 6 m\u00e5nader<\/strong><\/p>\n<p style=\"text-align: left;\"><strong>\u00a0<\/strong><\/p>\n<p><img loading=\"lazy\" decoding=\"async\" data-attachment-id=\"1416\" data-permalink=\"https:\/\/bildateljen.se\/?attachment_id=1416\" data-orig-file=\"https:\/\/bildateljen.se\/wp-content\/uploads\/WeddingN0.0.png\" data-orig-size=\"900,300\" data-comments-opened=\"1\" data-image-meta=\"{&quot;aperture&quot;:&quot;0&quot;,&quot;credit&quot;:&quot;&quot;,&quot;camera&quot;:&quot;&quot;,&quot;caption&quot;:&quot;&quot;,&quot;created_timestamp&quot;:&quot;0&quot;,&quot;copyright&quot;:&quot;&quot;,&quot;focal_length&quot;:&quot;0&quot;,&quot;iso&quot;:&quot;0&quot;,&quot;shutter_speed&quot;:&quot;0&quot;,&quot;title&quot;:&quot;&quot;,&quot;orientation&quot;:&quot;0&quot;}\" data-image-title=\"WeddingN0.0\" data-image-description=\"\" data-image-caption=\"\" data-large-file=\"https:\/\/bildateljen.se\/wp-content\/uploads\/WeddingN0.0.png\" class=\"aligncenter wp-image-1416 size-full\" src=\"https:\/\/bildateljen.se\/wp-content\/uploads\/WeddingN0.0.png\" alt=\"\" width=\"900\" height=\"300\" srcset=\"https:\/\/bildateljen.se\/wp-content\/uploads\/WeddingN0.0.png 900w, https:\/\/bildateljen.se\/wp-content\/uploads\/WeddingN0.0-300x100.png 300w, https:\/\/bildateljen.se\/wp-content\/uploads\/WeddingN0.0-768x256.png 768w\" sizes=\"auto, (max-width: 900px) 100vw, 900px\" \/><\/p>\n<p><img loading=\"lazy\" decoding=\"async\" data-attachment-id=\"1418\" data-permalink=\"https:\/\/bildateljen.se\/?attachment_id=1418\" data-orig-file=\"https:\/\/bildateljen.se\/wp-content\/uploads\/WeddingN1.0.png\" data-orig-size=\"900,300\" data-comments-opened=\"1\" data-image-meta=\"{&quot;aperture&quot;:&quot;0&quot;,&quot;credit&quot;:&quot;&quot;,&quot;camera&quot;:&quot;&quot;,&quot;caption&quot;:&quot;&quot;,&quot;created_timestamp&quot;:&quot;0&quot;,&quot;copyright&quot;:&quot;&quot;,&quot;focal_length&quot;:&quot;0&quot;,&quot;iso&quot;:&quot;0&quot;,&quot;shutter_speed&quot;:&quot;0&quot;,&quot;title&quot;:&quot;&quot;,&quot;orientation&quot;:&quot;0&quot;}\" data-image-title=\"WeddingN1.0\" data-image-description=\"\" data-image-caption=\"\" data-large-file=\"https:\/\/bildateljen.se\/wp-content\/uploads\/WeddingN1.0.png\" class=\"aligncenter wp-image-1418 size-full\" src=\"https:\/\/bildateljen.se\/wp-content\/uploads\/WeddingN1.0.png\" alt=\"\" width=\"900\" height=\"300\" srcset=\"https:\/\/bildateljen.se\/wp-content\/uploads\/WeddingN1.0.png 900w, https:\/\/bildateljen.se\/wp-content\/uploads\/WeddingN1.0-300x100.png 300w, https:\/\/bildateljen.se\/wp-content\/uploads\/WeddingN1.0-768x256.png 768w\" sizes=\"auto, (max-width: 900px) 100vw, 900px\" \/><\/p>\n<div id=\"attachment_1417\" style=\"width: 910px\" class=\"wp-caption aligncenter\"><img loading=\"lazy\" decoding=\"async\" aria-describedby=\"caption-attachment-1417\" data-attachment-id=\"1417\" data-permalink=\"https:\/\/bildateljen.se\/?attachment_id=1417\" data-orig-file=\"https:\/\/bildateljen.se\/wp-content\/uploads\/WeddingN2.6png.png\" data-orig-size=\"900,300\" data-comments-opened=\"1\" data-image-meta=\"{&quot;aperture&quot;:&quot;0&quot;,&quot;credit&quot;:&quot;&quot;,&quot;camera&quot;:&quot;&quot;,&quot;caption&quot;:&quot;&quot;,&quot;created_timestamp&quot;:&quot;0&quot;,&quot;copyright&quot;:&quot;&quot;,&quot;focal_length&quot;:&quot;0&quot;,&quot;iso&quot;:&quot;0&quot;,&quot;shutter_speed&quot;:&quot;0&quot;,&quot;title&quot;:&quot;&quot;,&quot;orientation&quot;:&quot;0&quot;}\" data-image-title=\"WeddingN2.6png\" data-image-description=\"&lt;p&gt;Ett mediumpaket med unika br\u00f6llopsbilder&lt;\/p&gt;\n\" data-image-caption=\"&lt;p&gt;Br\u00f6llopsfotografering 2.6&lt;\/p&gt;\n\" data-large-file=\"https:\/\/bildateljen.se\/wp-content\/uploads\/WeddingN2.6png.png\" class=\"wp-image-1417 size-full\" src=\"https:\/\/bildateljen.se\/wp-content\/uploads\/WeddingN2.6png.png\" alt=\"Br\u00f6llopsfoto\" width=\"900\" height=\"300\" srcset=\"https:\/\/bildateljen.se\/wp-content\/uploads\/WeddingN2.6png.png 900w, https:\/\/bildateljen.se\/wp-content\/uploads\/WeddingN2.6png-300x100.png 300w, https:\/\/bildateljen.se\/wp-content\/uploads\/WeddingN2.6png-768x256.png 768w\" sizes=\"auto, (max-width: 900px) 100vw, 900px\" \/><p id=\"caption-attachment-1417\" class=\"wp-caption-text\">Br\u00f6llopsfotografering 2.6<\/p><\/div>\n<div id=\"attachment_1291\" style=\"width: 910px\" class=\"wp-caption aligncenter\"><img loading=\"lazy\" decoding=\"async\" aria-describedby=\"caption-attachment-1291\" data-attachment-id=\"1291\" data-permalink=\"https:\/\/bildateljen.se\/?attachment_id=1291\" data-orig-file=\"https:\/\/bildateljen.se\/wp-content\/uploads\/09-54-page\/Wedding-4.1.png\" data-orig-size=\"900,300\" data-comments-opened=\"1\" data-image-meta=\"{&quot;aperture&quot;:&quot;0&quot;,&quot;credit&quot;:&quot;&quot;,&quot;camera&quot;:&quot;&quot;,&quot;caption&quot;:&quot;&quot;,&quot;created_timestamp&quot;:&quot;0&quot;,&quot;copyright&quot;:&quot;&quot;,&quot;focal_length&quot;:&quot;0&quot;,&quot;iso&quot;:&quot;0&quot;,&quot;shutter_speed&quot;:&quot;0&quot;,&quot;title&quot;:&quot;&quot;,&quot;orientation&quot;:&quot;0&quot;}\" data-image-title=\"Wedding 4.1\" data-image-description=\"&lt;p&gt;Br\u00f6llopsfotografering&lt;\/p&gt;\n\" data-image-caption=\"&lt;p&gt;Br\u00f6llop 4.1&lt;\/p&gt;\n\" data-large-file=\"https:\/\/bildateljen.se\/wp-content\/uploads\/09-54-page\/Wedding-4.1.png\" class=\"size-full wp-image-1291\" src=\"https:\/\/bildateljen.se\/wp-content\/uploads\/09-54-page\/Wedding-4.1.png\" alt=\"Br\u00f6llopspaket 4+1\" width=\"900\" height=\"300\" srcset=\"https:\/\/bildateljen.se\/wp-content\/uploads\/09-54-page\/Wedding-4.1.png 900w, https:\/\/bildateljen.se\/wp-content\/uploads\/09-54-page\/Wedding-4.1-300x100.png 300w, https:\/\/bildateljen.se\/wp-content\/uploads\/09-54-page\/Wedding-4.1-768x256.png 768w\" sizes=\"auto, (max-width: 900px) 100vw, 900px\" \/><p id=\"caption-attachment-1291\" class=\"wp-caption-text\">Br\u00f6llop 4.1<\/p><\/div>\n<div id=\"attachment_1292\" style=\"width: 910px\" class=\"wp-caption aligncenter\"><img loading=\"lazy\" decoding=\"async\" aria-describedby=\"caption-attachment-1292\" data-attachment-id=\"1292\" data-permalink=\"https:\/\/bildateljen.se\/?attachment_id=1292\" data-orig-file=\"https:\/\/bildateljen.se\/wp-content\/uploads\/09-54-page\/Wedding-8.0.png\" data-orig-size=\"900,300\" data-comments-opened=\"1\" data-image-meta=\"{&quot;aperture&quot;:&quot;0&quot;,&quot;credit&quot;:&quot;&quot;,&quot;camera&quot;:&quot;&quot;,&quot;caption&quot;:&quot;&quot;,&quot;created_timestamp&quot;:&quot;0&quot;,&quot;copyright&quot;:&quot;&quot;,&quot;focal_length&quot;:&quot;0&quot;,&quot;iso&quot;:&quot;0&quot;,&quot;shutter_speed&quot;:&quot;0&quot;,&quot;title&quot;:&quot;&quot;,&quot;orientation&quot;:&quot;0&quot;}\" data-image-title=\"Wedding 8.0\" data-image-description=\"&lt;p&gt;8 timmars fotografering p\u00e5 br\u00f6llop inkl bilder&lt;\/p&gt;\n\" data-image-caption=\"&lt;p&gt;Br\u00f6llop 8.0&lt;\/p&gt;\n\" data-large-file=\"https:\/\/bildateljen.se\/wp-content\/uploads\/09-54-page\/Wedding-8.0.png\" class=\"size-full wp-image-1292\" src=\"https:\/\/bildateljen.se\/wp-content\/uploads\/09-54-page\/Wedding-8.0.png\" alt=\"Br\u00f6llopspaket 8.0\" width=\"900\" height=\"300\" srcset=\"https:\/\/bildateljen.se\/wp-content\/uploads\/09-54-page\/Wedding-8.0.png 900w, https:\/\/bildateljen.se\/wp-content\/uploads\/09-54-page\/Wedding-8.0-300x100.png 300w, https:\/\/bildateljen.se\/wp-content\/uploads\/09-54-page\/Wedding-8.0-768x256.png 768w\" sizes=\"auto, (max-width: 900px) 100vw, 900px\" \/><p id=\"caption-attachment-1292\" class=\"wp-caption-text\">Br\u00f6llop 8.0<\/p><\/div>\n<p><strong>Studentfotograferingar: <\/strong><\/p>\n<p><strong>Studentfoto med kompisarna 3-5 st. <\/strong>Fotografering i atelj\u00e9n eller utanf\u00f6r. Gruppbild med de n\u00e4rmaste kompisarna, inkl 1 st 13&#215;18 bild\/student. Fotograferingsl\u00e4ngd ca 20 min. Pris 449kr\/person. \u00a0<strong><br \/>\n<\/strong><\/p>\n<p><strong>Liten: ca 10 min. <\/strong>Kort fotografering i atelj\u00e9n, inkl 10 st tackkort.V\u00e4ljer bilder i webgalleri. Pris 750 kr.<\/p>\n<p><strong>Mellan: ca 30 min. <\/strong>Fotografering ca 30 min i och utanf\u00f6r atelj\u00e9n inkl 10 tackkort och digital CV-bild. Bildvisning i atelj\u00e9n eller webgalleri.\u00a0 Pris 1069 kr.<strong><br \/>\n<\/strong><\/p>\n<p><strong>Stor: ca 60 min. <\/strong>Fotografering i och utanf\u00f6r atelj\u00e9n inkl 1 st 18&#215;24, 10 st tackkort och digital CV-bild, Det finns plats f\u00f6r kl\u00e4dbyte, typ balkl\u00e4nning. Bildvisning i atelj\u00e9n. Pris 1569 kr<\/p>\n<!-- AddThis Advanced Settings generic via filter on the_content --><!-- AddThis Share Buttons generic via filter on the_content -->","protected":false},"excerpt":{"rendered":"<p>De flesta tj\u00e4nster finns prissatta p\u00e5 bokningssidan: G\u00f6r din bokning ! Portr\u00e4ttfotograferingar f\u00f6r privat bruk fr\u00e5n 1000 kr. Klicka p\u00e5 l\u00e4nken ovan Boka tider &#8230; finns aktuella priser p\u00e5 de fotograferingar som bokas d\u00e4r. Vi l\u00e4mnar en rabatt med 300 kr p\u00e5 alla v\u00e5ra atelj\u00e9fotograferingar som \u00e4ger rum m\u00e5n-fredag 9.00-17.00. Bilderna ser du p\u00e5 en [&hellip;]<!-- AddThis Advanced Settings generic via filter on get_the_excerpt --><!-- AddThis Share Buttons generic via filter on get_the_excerpt --><\/p>\n","protected":false},"author":1,"featured_media":0,"parent":0,"menu_order":0,"comment_status":"open","ping_status":"open","template":"","meta":{"advanced_seo_description":"","jetpack_seo_html_title":"","jetpack_seo_noindex":false,"jetpack_post_was_ever_published":false,"footnotes":""},"class_list":["post-54","page","type-page","status-publish","hentry"],"jetpack_shortlink":"https:\/\/wp.me\/P8u969-S","jetpack-related-posts":[],"jetpack_likes_enabled":true,"jetpack_sharing_enabled":true,"_links":{"self":[{"href":"https:\/\/bildateljen.se\/index.php?rest_route=\/wp\/v2\/pages\/54","targetHints":{"allow":["GET"]}}],"collection":[{"href":"https:\/\/bildateljen.se\/index.php?rest_route=\/wp\/v2\/pages"}],"about":[{"href":"https:\/\/bildateljen.se\/index.php?rest_route=\/wp\/v2\/types\/page"}],"author":[{"embeddable":true,"href":"https:\/\/bildateljen.se\/index.php?rest_route=\/wp\/v2\/users\/1"}],"replies":[{"embeddable":true,"href":"https:\/\/bildateljen.se\/index.php?rest_route=%2Fwp%2Fv2%2Fcomments&post=54"}],"version-history":[{"count":38,"href":"https:\/\/bildateljen.se\/index.php?rest_route=\/wp\/v2\/pages\/54\/revisions"}],"predecessor-version":[{"id":2194,"href":"https:\/\/bildateljen.se\/index.php?rest_route=\/wp\/v2\/pages\/54\/revisions\/2194"}],"wp:attachment":[{"href":"https:\/\/bildateljen.se\/index.php?rest_route=%2Fwp%2Fv2%2Fmedia&parent=54"}],"curies":[{"name":"wp","href":"https:\/\/api.w.org\/{rel}","templated":true}]}}