{"id":343,"date":"2012-03-15T11:57:52","date_gmt":"2012-03-15T10:57:52","guid":{"rendered":"http:\/\/bildateljen.se\/?page_id=343"},"modified":"2026-03-02T09:58:28","modified_gmt":"2026-03-02T08:58:28","slug":"kontaktoppettider","status":"publish","type":"page","link":"https:\/\/bildateljen.se\/?page_id=343","title":{"rendered":"Kontakt\/\u00f6ppettider\/ID-bild"},"content":{"rendered":"<p style=\"text-align: center;\"><span style=\"color: #ff0000;\"><strong>Vi har BARA bokningsbara tider<\/strong>.<\/span><\/p>\n<p style=\"text-align: center;\">Du hittar dem l\u00e4ttast genom l\u00e4nken nedan. Det \u00e4r tider ca 8-17.30 de flesta vardagar men det finns ocks\u00e5 andra tider. Det g\u00e5r ocks\u00e5 bra att ringa !<\/p>\n<p style=\"text-align: center;\"><a href=\"https:\/\/bildateljen.se\/?page_id=54\">Utf\u00f6rliga priser finns under sidor\/priser<\/a><\/p>\n<p style=\"text-align: center;\">Kontakt epost: info@bildateljen.se<\/p>\n<p style=\"text-align: center;\"><a href=\"https:\/\/www.sumupbookings.com\/gustavsbergs-bildatelje\" target=\"_blank\" rel=\"noopener noreferrer\"><img loading=\"lazy\" decoding=\"async\" data-attachment-id=\"2186\" data-permalink=\"https:\/\/bildateljen.se\/?attachment_id=2186\" data-orig-file=\"https:\/\/bildateljen.se\/wp-content\/uploads\/Boka.png\" data-orig-size=\"146,41\" data-comments-opened=\"0\" data-image-meta=\"{&quot;aperture&quot;:&quot;0&quot;,&quot;credit&quot;:&quot;&quot;,&quot;camera&quot;:&quot;&quot;,&quot;caption&quot;:&quot;&quot;,&quot;created_timestamp&quot;:&quot;0&quot;,&quot;copyright&quot;:&quot;&quot;,&quot;focal_length&quot;:&quot;0&quot;,&quot;iso&quot;:&quot;0&quot;,&quot;shutter_speed&quot;:&quot;0&quot;,&quot;title&quot;:&quot;&quot;,&quot;orientation&quot;:&quot;0&quot;}\" data-image-title=\"Boka\" data-image-description=\"&lt;p&gt;Boka Gustavsbergs Bildatelj\u00e9&lt;\/p&gt;\n\" data-image-caption=\"&lt;p&gt;G\u00f6r din bokning !&lt;\/p&gt;\n\" data-large-file=\"https:\/\/bildateljen.se\/wp-content\/uploads\/Boka.png\" class=\"wp-image-2186 size-full\" src=\"https:\/\/bildateljen.se\/wp-content\/uploads\/Boka.png\" alt=\"\" width=\"146\" height=\"41\" \/><\/a><\/p>\n<p style=\"text-align: center;\">G\u00f6r din bokning !<\/p>\n<p style=\"text-align: center;\">Tel: 0708 570 346<\/p>\n\n\n<p><\/p>\n<!-- AddThis Advanced Settings generic via filter on the_content --><!-- AddThis Share Buttons generic via filter on the_content -->","protected":false},"excerpt":{"rendered":"<p>Vi har BARA bokningsbara tider. Du hittar dem l\u00e4ttast genom l\u00e4nken nedan. Det \u00e4r tider ca 8-17.30 de flesta vardagar men det finns ocks\u00e5 andra tider. Det g\u00e5r ocks\u00e5 bra att ringa ! Utf\u00f6rliga priser finns under sidor\/priser Kontakt epost: info@bildateljen.se G\u00f6r din bokning ! Tel: 0708 570 346<!-- AddThis Advanced Settings generic via filter on get_the_excerpt --><!-- AddThis Share Buttons generic via filter on get_the_excerpt --><\/p>\n","protected":false},"author":1,"featured_media":0,"parent":0,"menu_order":0,"comment_status":"open","ping_status":"open","template":"","meta":{"advanced_seo_description":"","jetpack_seo_html_title":"","jetpack_seo_noindex":false,"jetpack_post_was_ever_published":false,"footnotes":""},"class_list":["post-343","page","type-page","status-publish","hentry"],"jetpack_shortlink":"https:\/\/wp.me\/P8u969-5x","jetpack-related-posts":[],"jetpack_likes_enabled":true,"jetpack_sharing_enabled":true,"_links":{"self":[{"href":"https:\/\/bildateljen.se\/index.php?rest_route=\/wp\/v2\/pages\/343","targetHints":{"allow":["GET"]}}],"collection":[{"href":"https:\/\/bildateljen.se\/index.php?rest_route=\/wp\/v2\/pages"}],"about":[{"href":"https:\/\/bildateljen.se\/index.php?rest_route=\/wp\/v2\/types\/page"}],"author":[{"embeddable":true,"href":"https:\/\/bildateljen.se\/index.php?rest_route=\/wp\/v2\/users\/1"}],"replies":[{"embeddable":true,"href":"https:\/\/bildateljen.se\/index.php?rest_route=%2Fwp%2Fv2%2Fcomments&post=343"}],"version-history":[{"count":359,"href":"https:\/\/bildateljen.se\/index.php?rest_route=\/wp\/v2\/pages\/343\/revisions"}],"predecessor-version":[{"id":2206,"href":"https:\/\/bildateljen.se\/index.php?rest_route=\/wp\/v2\/pages\/343\/revisions\/2206"}],"wp:attachment":[{"href":"https:\/\/bildateljen.se\/index.php?rest_route=%2Fwp%2Fv2%2Fmedia&parent=343"}],"curies":[{"name":"wp","href":"https:\/\/api.w.org\/{rel}","templated":true}]}}