{"id":2,"date":"2011-01-13T15:27:00","date_gmt":"2011-01-13T14:27:00","guid":{"rendered":"http:\/\/bildateljen.se\/?page_id=2"},"modified":"2024-01-12T11:32:17","modified_gmt":"2024-01-12T10:32:17","slug":"om","status":"publish","type":"page","link":"https:\/\/bildateljen.se\/?page_id=2","title":{"rendered":"F\u00f6retag"},"content":{"rendered":"<p style=\"text-align: center;\">Vi hj\u00e4lper f\u00f6retag med bilder p\u00e5 personalen och deras produkter. Kontakta oss f\u00f6r en offert p\u00e5 bilderna till ditt f\u00f6retag !<\/p>\n<p style=\"text-align: center;\"><strong>F\u00f6retag som har valt att anlita oss:<br \/>\n<\/strong>pluckygirls.se<strong><br \/>\n<\/strong><\/p>\n<p style=\"text-align: center;\">V\u00e4rmd\u00f6 kommun<\/p>\n<p style=\"text-align: center;\"><a href=\"http:\/\/www.lagerbladfoods.se\" target=\"_blank\" rel=\"noopener noreferrer\">Lagerblads Foods<\/a><\/p>\n<p style=\"text-align: center;\"><a title=\"Jon pekar v\u00e4nster\" href=\"http:\/\/seasea.se\/Content.aspx?PageID=572&amp;PageTypeID=3\" target=\"_blank\" rel=\"noopener noreferrer\">Seasea b\u00e5ttillbeh\u00f6r<\/a><\/p>\n<p style=\"text-align: center;\">Svenska kyrkan Gustavsberg-Ingar\u00f6 f\u00f6rsamling<\/p>\n<p style=\"text-align: center;\">Ica Maxi M\u00f6lnvik<\/p>\n<p style=\"text-align: center;\">TailoredR<\/p>\n<p style=\"text-align: center;\">Synsam i M\u00f6lnvik<\/p>\n<p style=\"text-align: center;\">Fisyrmakarna i M\u00f6lnvik<\/p>\n<p style=\"text-align: center;\">V\u00e4rmd\u00f6 V\u00e5rdcentral praktikertj\u00e4nst<\/p>\n<p style=\"text-align: center;\">Folktandv\u00e5rden i Gustavsberg<br \/>\nNordeas kontor i Gustavsberg<\/p>\n<p style=\"text-align: center;\">Svenska Handelsbanken: Sk\u00e4rholmen, Haninge, Dalar\u00f6, Nacka, Orminge, Gustavsberg, Orminge och G\u00f6tgatsbacken.<\/p>\n<p style=\"text-align: center;\">M\u00e4klare: Husman och Hagberg, M\u00e4klarhuset i Nacka, Kent Berggren<\/p>\n<p style=\"text-align: center;\">Dalby Lots<\/p>\n<p style=\"text-align: center;\">Macronova<\/p>\n<p style=\"text-align: center;\">V\u00e4rmd\u00f6 Bygg<\/p>\n<p style=\"text-align: center;\">Willys i M\u00f6lnvik<\/p>\n<p style=\"text-align: center;\">Toysac<\/p>\n<p style=\"text-align: center;\">Gimler konsulting<\/p>\n<p style=\"text-align: center;\">Seazone b\u00e5telektronik<\/p>\n<p style=\"text-align: center;\">Rapid Marin<\/p>\n<p style=\"text-align: center;\">V\u00e5rljus<\/p>\n<p style=\"text-align: center;\">Ingela Widlund fris\u00f6r<\/p>\n<p style=\"text-align: center;\"><a title=\"Biltema\" href=\"http:\/\/biltema.se\/sv\/varuhus\/varmdo\/\" target=\"_blank\" rel=\"noopener noreferrer\">Biltema V\u00e4rmd\u00f6marknad<\/a><\/p>\n<p style=\"text-align: center;\">Ekonomibiten<\/p>\n<p style=\"text-align: center;\">Musikskolan Gustavsberg<\/p>\n<p style=\"text-align: center;\"><a title=\"Afab redovisning\" href=\"https:\/\/www.afabredovisning.com\/det-har-ar-vi\/\" target=\"_blank\" rel=\"noopener noreferrer\">Afab redovisning AB<\/a><\/p>\n<p style=\"text-align: center;\"><a title=\"Clearly redovisning\" href=\"http:\/\/clearlyab.se\" target=\"_blank\" rel=\"noopener noreferrer\">Clearly Ab<\/a><\/p>\n<!-- AddThis Advanced Settings generic via filter on the_content --><!-- AddThis Share Buttons generic via filter on the_content -->","protected":false},"excerpt":{"rendered":"<p>Vi hj\u00e4lper f\u00f6retag med bilder p\u00e5 personalen och deras produkter. Kontakta oss f\u00f6r en offert p\u00e5 bilderna till ditt f\u00f6retag ! F\u00f6retag som har valt att anlita oss: pluckygirls.se V\u00e4rmd\u00f6 kommun Lagerblads Foods Seasea b\u00e5ttillbeh\u00f6r Svenska kyrkan Gustavsberg-Ingar\u00f6 f\u00f6rsamling Ica Maxi M\u00f6lnvik TailoredR Synsam i M\u00f6lnvik Fisyrmakarna i M\u00f6lnvik V\u00e4rmd\u00f6 V\u00e5rdcentral praktikertj\u00e4nst Folktandv\u00e5rden i Gustavsberg [&hellip;]<!-- AddThis Advanced Settings generic via filter on get_the_excerpt --><!-- AddThis Share Buttons generic via filter on get_the_excerpt --><\/p>\n","protected":false},"author":1,"featured_media":0,"parent":0,"menu_order":0,"comment_status":"open","ping_status":"open","template":"","meta":{"advanced_seo_description":"","jetpack_seo_html_title":"","jetpack_seo_noindex":false,"jetpack_post_was_ever_published":false,"footnotes":""},"class_list":["post-2","page","type-page","status-publish","hentry"],"jetpack_shortlink":"https:\/\/wp.me\/P8u969-2","jetpack-related-posts":[],"jetpack_likes_enabled":true,"jetpack_sharing_enabled":true,"_links":{"self":[{"href":"https:\/\/bildateljen.se\/index.php?rest_route=\/wp\/v2\/pages\/2","targetHints":{"allow":["GET"]}}],"collection":[{"href":"https:\/\/bildateljen.se\/index.php?rest_route=\/wp\/v2\/pages"}],"about":[{"href":"https:\/\/bildateljen.se\/index.php?rest_route=\/wp\/v2\/types\/page"}],"author":[{"embeddable":true,"href":"https:\/\/bildateljen.se\/index.php?rest_route=\/wp\/v2\/users\/1"}],"replies":[{"embeddable":true,"href":"https:\/\/bildateljen.se\/index.php?rest_route=%2Fwp%2Fv2%2Fcomments&post=2"}],"version-history":[{"count":24,"href":"https:\/\/bildateljen.se\/index.php?rest_route=\/wp\/v2\/pages\/2\/revisions"}],"predecessor-version":[{"id":1955,"href":"https:\/\/bildateljen.se\/index.php?rest_route=\/wp\/v2\/pages\/2\/revisions\/1955"}],"wp:attachment":[{"href":"https:\/\/bildateljen.se\/index.php?rest_route=%2Fwp%2Fv2%2Fmedia&parent=2"}],"curies":[{"name":"wp","href":"https:\/\/api.w.org\/{rel}","templated":true}]}}