{"id":1966,"date":"2024-01-31T11:04:41","date_gmt":"2024-01-31T10:04:41","guid":{"rendered":"https:\/\/bildateljen.se\/?page_id=1966"},"modified":"2026-03-08T09:47:47","modified_gmt":"2026-03-08T08:47:47","slug":"student-konfirmation","status":"publish","type":"page","link":"https:\/\/bildateljen.se\/?page_id=1966","title":{"rendered":"Student\/konfirmation"},"content":{"rendered":"\n<div class=\"wp-block-jetpack-slideshow aligncenter\" data-effect=\"slide\"><div class=\"wp-block-jetpack-slideshow_container swiper-container\"><ul class=\"wp-block-jetpack-slideshow_swiper-wrapper swiper-wrapper\"><li class=\"wp-block-jetpack-slideshow_slide swiper-slide\"><figure><img loading=\"lazy\" decoding=\"async\" width=\"739\" height=\"1024\" alt=\"\" class=\"wp-block-jetpack-slideshow_image wp-image-1547\" data-id=\"1547\" src=\"https:\/\/bildateljen.se\/wp-content\/uploads\/U6I0945-Editx13-739x1024.jpg\" srcset=\"https:\/\/bildateljen.se\/wp-content\/uploads\/U6I0945-Editx13-739x1024.jpg 739w, https:\/\/bildateljen.se\/wp-content\/uploads\/U6I0945-Editx13-217x300.jpg 217w, https:\/\/bildateljen.se\/wp-content\/uploads\/U6I0945-Editx13-768x1064.jpg 768w, https:\/\/bildateljen.se\/wp-content\/uploads\/U6I0945-Editx13-50x69.jpg 50w, https:\/\/bildateljen.se\/wp-content\/uploads\/U6I0945-Editx13.jpg 1228w\" sizes=\"(max-width: 739px) 100vw, 739px\" \/><\/figure><\/li><li class=\"wp-block-jetpack-slideshow_slide swiper-slide\"><figure><img loading=\"lazy\" decoding=\"async\" width=\"768\" height=\"1024\" alt=\"\" class=\"wp-block-jetpack-slideshow_image wp-image-1546\" data-id=\"1546\" src=\"https:\/\/bildateljen.se\/wp-content\/uploads\/U6I0935-Editx18-768x1024.jpg\" srcset=\"https:\/\/bildateljen.se\/wp-content\/uploads\/U6I0935-Editx18-768x1024.jpg 768w, https:\/\/bildateljen.se\/wp-content\/uploads\/U6I0935-Editx18-225x300.jpg 225w, https:\/\/bildateljen.se\/wp-content\/uploads\/U6I0935-Editx18-50x67.jpg 50w, https:\/\/bildateljen.se\/wp-content\/uploads\/U6I0935-Editx18.jpg 1701w\" sizes=\"(max-width: 768px) 100vw, 768px\" \/><\/figure><\/li><li class=\"wp-block-jetpack-slideshow_slide swiper-slide\"><figure><img loading=\"lazy\" decoding=\"async\" width=\"739\" height=\"1024\" alt=\"\" class=\"wp-block-jetpack-slideshow_image wp-image-1545\" data-id=\"1545\" src=\"https:\/\/bildateljen.se\/wp-content\/uploads\/U6I0911-Editx13-739x1024.jpg\" srcset=\"https:\/\/bildateljen.se\/wp-content\/uploads\/U6I0911-Editx13-739x1024.jpg 739w, https:\/\/bildateljen.se\/wp-content\/uploads\/U6I0911-Editx13-217x300.jpg 217w, https:\/\/bildateljen.se\/wp-content\/uploads\/U6I0911-Editx13-768x1064.jpg 768w, https:\/\/bildateljen.se\/wp-content\/uploads\/U6I0911-Editx13-50x69.jpg 50w, https:\/\/bildateljen.se\/wp-content\/uploads\/U6I0911-Editx13.jpg 1228w\" sizes=\"(max-width: 739px) 100vw, 739px\" \/><\/figure><\/li><li class=\"wp-block-jetpack-slideshow_slide swiper-slide\"><figure><img loading=\"lazy\" decoding=\"async\" width=\"739\" height=\"1024\" alt=\"\" class=\"wp-block-jetpack-slideshow_image wp-image-1544\" data-id=\"1544\" src=\"https:\/\/bildateljen.se\/wp-content\/uploads\/MG_0007-Editx13-739x1024.jpg\" srcset=\"https:\/\/bildateljen.se\/wp-content\/uploads\/MG_0007-Editx13-739x1024.jpg 739w, https:\/\/bildateljen.se\/wp-content\/uploads\/MG_0007-Editx13-217x300.jpg 217w, https:\/\/bildateljen.se\/wp-content\/uploads\/MG_0007-Editx13-768x1064.jpg 768w, https:\/\/bildateljen.se\/wp-content\/uploads\/MG_0007-Editx13-50x69.jpg 50w, https:\/\/bildateljen.se\/wp-content\/uploads\/MG_0007-Editx13.jpg 1228w\" sizes=\"(max-width: 739px) 100vw, 739px\" \/><\/figure><\/li><li class=\"wp-block-jetpack-slideshow_slide swiper-slide\"><figure><img loading=\"lazy\" decoding=\"async\" width=\"739\" height=\"1024\" alt=\"\" class=\"wp-block-jetpack-slideshow_image wp-image-1543\" data-id=\"1543\" src=\"https:\/\/bildateljen.se\/wp-content\/uploads\/U6I8605-739x1024.jpg\" srcset=\"https:\/\/bildateljen.se\/wp-content\/uploads\/U6I8605-739x1024.jpg 739w, https:\/\/bildateljen.se\/wp-content\/uploads\/U6I8605-217x300.jpg 217w, https:\/\/bildateljen.se\/wp-content\/uploads\/U6I8605-768x1064.jpg 768w, https:\/\/bildateljen.se\/wp-content\/uploads\/U6I8605-50x69.jpg 50w, https:\/\/bildateljen.se\/wp-content\/uploads\/U6I8605.jpg 1535w\" sizes=\"(max-width: 739px) 100vw, 739px\" \/><\/figure><\/li><li class=\"wp-block-jetpack-slideshow_slide swiper-slide\"><figure><img loading=\"lazy\" decoding=\"async\" width=\"739\" height=\"1024\" alt=\"\" class=\"wp-block-jetpack-slideshow_image wp-image-1542\" data-id=\"1542\" src=\"https:\/\/bildateljen.se\/wp-content\/uploads\/U6I8604-739x1024.jpg\" srcset=\"https:\/\/bildateljen.se\/wp-content\/uploads\/U6I8604-739x1024.jpg 739w, https:\/\/bildateljen.se\/wp-content\/uploads\/U6I8604-217x300.jpg 217w, https:\/\/bildateljen.se\/wp-content\/uploads\/U6I8604-768x1064.jpg 768w, https:\/\/bildateljen.se\/wp-content\/uploads\/U6I8604-50x69.jpg 50w, https:\/\/bildateljen.se\/wp-content\/uploads\/U6I8604.jpg 1535w\" sizes=\"(max-width: 739px) 100vw, 739px\" \/><\/figure><\/li><li class=\"wp-block-jetpack-slideshow_slide swiper-slide\"><figure><img loading=\"lazy\" decoding=\"async\" width=\"739\" height=\"1024\" alt=\"\" class=\"wp-block-jetpack-slideshow_image wp-image-1541\" data-id=\"1541\" src=\"https:\/\/bildateljen.se\/wp-content\/uploads\/MG_6025-739x1024.jpg\" srcset=\"https:\/\/bildateljen.se\/wp-content\/uploads\/MG_6025-739x1024.jpg 739w, https:\/\/bildateljen.se\/wp-content\/uploads\/MG_6025-217x300.jpg 217w, https:\/\/bildateljen.se\/wp-content\/uploads\/MG_6025-768x1064.jpg 768w, https:\/\/bildateljen.se\/wp-content\/uploads\/MG_6025-50x69.jpg 50w, https:\/\/bildateljen.se\/wp-content\/uploads\/MG_6025.jpg 1535w\" sizes=\"(max-width: 739px) 100vw, 739px\" \/><\/figure><\/li><li class=\"wp-block-jetpack-slideshow_slide swiper-slide\"><figure><img loading=\"lazy\" decoding=\"async\" width=\"1024\" height=\"683\" alt=\"\" class=\"wp-block-jetpack-slideshow_image wp-image-1540\" data-id=\"1540\" src=\"https:\/\/bildateljen.se\/wp-content\/uploads\/U6I2262-Editx10-1024x683.jpg\" srcset=\"https:\/\/bildateljen.se\/wp-content\/uploads\/U6I2262-Editx10-1024x683.jpg 1024w, https:\/\/bildateljen.se\/wp-content\/uploads\/U6I2262-Editx10-300x200.jpg 300w, https:\/\/bildateljen.se\/wp-content\/uploads\/U6I2262-Editx10-768x512.jpg 768w, https:\/\/bildateljen.se\/wp-content\/uploads\/U6I2262-Editx10-50x33.jpg 50w, https:\/\/bildateljen.se\/wp-content\/uploads\/U6I2262-Editx10.jpg 1417w\" sizes=\"(max-width: 1024px) 100vw, 1024px\" \/><\/figure><\/li><li class=\"wp-block-jetpack-slideshow_slide swiper-slide\"><figure><img loading=\"lazy\" decoding=\"async\" width=\"768\" height=\"1024\" alt=\"\" class=\"wp-block-jetpack-slideshow_image wp-image-1539\" data-id=\"1539\" src=\"https:\/\/bildateljen.se\/wp-content\/uploads\/U6I1852-Editx18-768x1024.jpg\" srcset=\"https:\/\/bildateljen.se\/wp-content\/uploads\/U6I1852-Editx18-768x1024.jpg 768w, https:\/\/bildateljen.se\/wp-content\/uploads\/U6I1852-Editx18-225x300.jpg 225w, https:\/\/bildateljen.se\/wp-content\/uploads\/U6I1852-Editx18-50x67.jpg 50w, https:\/\/bildateljen.se\/wp-content\/uploads\/U6I1852-Editx18.jpg 1701w\" sizes=\"(max-width: 768px) 100vw, 768px\" \/><\/figure><\/li><li class=\"wp-block-jetpack-slideshow_slide swiper-slide\"><figure><img loading=\"lazy\" decoding=\"async\" width=\"756\" height=\"1024\" alt=\"\" class=\"wp-block-jetpack-slideshow_image wp-image-1538\" data-id=\"1538\" src=\"https:\/\/bildateljen.se\/wp-content\/uploads\/U6I1840-Editx9-756x1024.jpg\" srcset=\"https:\/\/bildateljen.se\/wp-content\/uploads\/U6I1840-Editx9-756x1024.jpg 756w, https:\/\/bildateljen.se\/wp-content\/uploads\/U6I1840-Editx9-222x300.jpg 222w, https:\/\/bildateljen.se\/wp-content\/uploads\/U6I1840-Editx9-768x1040.jpg 768w, https:\/\/bildateljen.se\/wp-content\/uploads\/U6I1840-Editx9-50x68.jpg 50w, https:\/\/bildateljen.se\/wp-content\/uploads\/U6I1840-Editx9.jpg 803w\" sizes=\"(max-width: 756px) 100vw, 756px\" \/><\/figure><\/li><li class=\"wp-block-jetpack-slideshow_slide swiper-slide\"><figure><img loading=\"lazy\" decoding=\"async\" width=\"342\" height=\"472\" alt=\"\" class=\"wp-block-jetpack-slideshow_image wp-image-1529\" data-id=\"1529\" src=\"https:\/\/bildateljen.se\/wp-content\/uploads\/U6I1277.jpg\" srcset=\"https:\/\/bildateljen.se\/wp-content\/uploads\/U6I1277.jpg 342w, https:\/\/bildateljen.se\/wp-content\/uploads\/U6I1277-217x300.jpg 217w, https:\/\/bildateljen.se\/wp-content\/uploads\/U6I1277-50x69.jpg 50w\" sizes=\"(max-width: 342px) 100vw, 342px\" \/><\/figure><\/li><li class=\"wp-block-jetpack-slideshow_slide swiper-slide\"><figure><img loading=\"lazy\" decoding=\"async\" width=\"742\" height=\"1000\" alt=\"\" class=\"wp-block-jetpack-slideshow_image wp-image-1530\" data-id=\"1530\" src=\"https:\/\/bildateljen.se\/wp-content\/uploads\/MG_0092.jpg\" srcset=\"https:\/\/bildateljen.se\/wp-content\/uploads\/MG_0092.jpg 742w, https:\/\/bildateljen.se\/wp-content\/uploads\/MG_0092-223x300.jpg 223w, https:\/\/bildateljen.se\/wp-content\/uploads\/MG_0092-50x67.jpg 50w\" sizes=\"(max-width: 742px) 100vw, 742px\" \/><\/figure><\/li><li class=\"wp-block-jetpack-slideshow_slide swiper-slide\"><figure><img loading=\"lazy\" decoding=\"async\" width=\"693\" height=\"1000\" alt=\"\" class=\"wp-block-jetpack-slideshow_image wp-image-1531\" data-id=\"1531\" src=\"https:\/\/bildateljen.se\/wp-content\/uploads\/MG_0095.jpg\" srcset=\"https:\/\/bildateljen.se\/wp-content\/uploads\/MG_0095.jpg 693w, https:\/\/bildateljen.se\/wp-content\/uploads\/MG_0095-208x300.jpg 208w, https:\/\/bildateljen.se\/wp-content\/uploads\/MG_0095-50x72.jpg 50w\" sizes=\"(max-width: 693px) 100vw, 693px\" \/><\/figure><\/li><li class=\"wp-block-jetpack-slideshow_slide swiper-slide\"><figure><img loading=\"lazy\" decoding=\"async\" width=\"757\" height=\"1000\" alt=\"\" class=\"wp-block-jetpack-slideshow_image wp-image-1532\" data-id=\"1532\" src=\"https:\/\/bildateljen.se\/wp-content\/uploads\/MG_0140.jpg\" srcset=\"https:\/\/bildateljen.se\/wp-content\/uploads\/MG_0140.jpg 757w, https:\/\/bildateljen.se\/wp-content\/uploads\/MG_0140-227x300.jpg 227w, https:\/\/bildateljen.se\/wp-content\/uploads\/MG_0140-50x66.jpg 50w\" sizes=\"(max-width: 757px) 100vw, 757px\" \/><\/figure><\/li><li class=\"wp-block-jetpack-slideshow_slide swiper-slide\"><figure><img loading=\"lazy\" decoding=\"async\" width=\"1000\" height=\"707\" alt=\"\" class=\"wp-block-jetpack-slideshow_image wp-image-1533\" data-id=\"1533\" src=\"https:\/\/bildateljen.se\/wp-content\/uploads\/U6I1294.jpg\" srcset=\"https:\/\/bildateljen.se\/wp-content\/uploads\/U6I1294.jpg 1000w, https:\/\/bildateljen.se\/wp-content\/uploads\/U6I1294-300x212.jpg 300w, https:\/\/bildateljen.se\/wp-content\/uploads\/U6I1294-768x543.jpg 768w, https:\/\/bildateljen.se\/wp-content\/uploads\/U6I1294-50x35.jpg 50w\" sizes=\"(max-width: 1000px) 100vw, 1000px\" \/><\/figure><\/li><li class=\"wp-block-jetpack-slideshow_slide swiper-slide\"><figure><img loading=\"lazy\" decoding=\"async\" width=\"811\" height=\"1024\" alt=\"\" class=\"wp-block-jetpack-slideshow_image wp-image-1534\" data-id=\"1534\" src=\"https:\/\/bildateljen.se\/wp-content\/uploads\/U6I1362-Editx9-811x1024.jpg\" srcset=\"https:\/\/bildateljen.se\/wp-content\/uploads\/U6I1362-Editx9-811x1024.jpg 811w, https:\/\/bildateljen.se\/wp-content\/uploads\/U6I1362-Editx9-238x300.jpg 238w, https:\/\/bildateljen.se\/wp-content\/uploads\/U6I1362-Editx9-768x970.jpg 768w, https:\/\/bildateljen.se\/wp-content\/uploads\/U6I1362-Editx9-50x63.jpg 50w, https:\/\/bildateljen.se\/wp-content\/uploads\/U6I1362-Editx9.jpg 898w\" sizes=\"(max-width: 811px) 100vw, 811px\" \/><\/figure><\/li><li class=\"wp-block-jetpack-slideshow_slide swiper-slide\"><figure><img loading=\"lazy\" decoding=\"async\" width=\"811\" height=\"1024\" alt=\"\" class=\"wp-block-jetpack-slideshow_image wp-image-1535\" data-id=\"1535\" src=\"https:\/\/bildateljen.se\/wp-content\/uploads\/U6I1385-Editx9-811x1024.jpg\" srcset=\"https:\/\/bildateljen.se\/wp-content\/uploads\/U6I1385-Editx9-811x1024.jpg 811w, https:\/\/bildateljen.se\/wp-content\/uploads\/U6I1385-Editx9-238x300.jpg 238w, https:\/\/bildateljen.se\/wp-content\/uploads\/U6I1385-Editx9-768x970.jpg 768w, https:\/\/bildateljen.se\/wp-content\/uploads\/U6I1385-Editx9-50x63.jpg 50w, https:\/\/bildateljen.se\/wp-content\/uploads\/U6I1385-Editx9.jpg 898w\" sizes=\"(max-width: 811px) 100vw, 811px\" \/><\/figure><\/li><li class=\"wp-block-jetpack-slideshow_slide swiper-slide\"><figure><img loading=\"lazy\" decoding=\"async\" width=\"811\" height=\"1024\" alt=\"\" class=\"wp-block-jetpack-slideshow_image wp-image-1536\" data-id=\"1536\" src=\"https:\/\/bildateljen.se\/wp-content\/uploads\/U6I1398-Editx9-811x1024.jpg\" srcset=\"https:\/\/bildateljen.se\/wp-content\/uploads\/U6I1398-Editx9-811x1024.jpg 811w, https:\/\/bildateljen.se\/wp-content\/uploads\/U6I1398-Editx9-238x300.jpg 238w, https:\/\/bildateljen.se\/wp-content\/uploads\/U6I1398-Editx9-768x970.jpg 768w, https:\/\/bildateljen.se\/wp-content\/uploads\/U6I1398-Editx9-50x63.jpg 50w, https:\/\/bildateljen.se\/wp-content\/uploads\/U6I1398-Editx9.jpg 898w\" sizes=\"(max-width: 811px) 100vw, 811px\" \/><\/figure><\/li><li class=\"wp-block-jetpack-slideshow_slide swiper-slide\"><figure><img loading=\"lazy\" decoding=\"async\" width=\"811\" height=\"1024\" alt=\"\" class=\"wp-block-jetpack-slideshow_image wp-image-1537\" data-id=\"1537\" src=\"https:\/\/bildateljen.se\/wp-content\/uploads\/U6I1409-Editx9-811x1024.jpg\" srcset=\"https:\/\/bildateljen.se\/wp-content\/uploads\/U6I1409-Editx9-811x1024.jpg 811w, https:\/\/bildateljen.se\/wp-content\/uploads\/U6I1409-Editx9-238x300.jpg 238w, https:\/\/bildateljen.se\/wp-content\/uploads\/U6I1409-Editx9-768x970.jpg 768w, https:\/\/bildateljen.se\/wp-content\/uploads\/U6I1409-Editx9-50x63.jpg 50w, https:\/\/bildateljen.se\/wp-content\/uploads\/U6I1409-Editx9.jpg 898w\" sizes=\"(max-width: 811px) 100vw, 811px\" \/><\/figure><\/li><li class=\"wp-block-jetpack-slideshow_slide swiper-slide\"><figure><img loading=\"lazy\" decoding=\"async\" width=\"769\" height=\"1000\" alt=\"Studentfoto bildateljen\" class=\"wp-block-jetpack-slideshow_image wp-image-414\" data-id=\"414\" src=\"https:\/\/bildateljen.se\/wp-content\/uploads\/U6I9289.jpg\" srcset=\"https:\/\/bildateljen.se\/wp-content\/uploads\/U6I9289.jpg 769w, https:\/\/bildateljen.se\/wp-content\/uploads\/U6I9289-230x300.jpg 230w\" sizes=\"(max-width: 769px) 100vw, 769px\" \/><\/figure><\/li><li class=\"wp-block-jetpack-slideshow_slide swiper-slide\"><figure><img loading=\"lazy\" decoding=\"async\" width=\"732\" height=\"1000\" alt=\"Studentfoto bildateljen\" class=\"wp-block-jetpack-slideshow_image wp-image-411\" data-id=\"411\" src=\"https:\/\/bildateljen.se\/wp-content\/uploads\/U6I9260.jpg\" srcset=\"https:\/\/bildateljen.se\/wp-content\/uploads\/U6I9260.jpg 732w, https:\/\/bildateljen.se\/wp-content\/uploads\/U6I9260-219x300.jpg 219w\" sizes=\"(max-width: 732px) 100vw, 732px\" \/><\/figure><\/li><li class=\"wp-block-jetpack-slideshow_slide swiper-slide\"><figure><img loading=\"lazy\" decoding=\"async\" width=\"737\" height=\"1000\" alt=\"Studentfoto bildateljen\" class=\"wp-block-jetpack-slideshow_image wp-image-409\" data-id=\"409\" src=\"https:\/\/bildateljen.se\/wp-content\/uploads\/MG_3837.jpg\" srcset=\"https:\/\/bildateljen.se\/wp-content\/uploads\/MG_3837.jpg 737w, https:\/\/bildateljen.se\/wp-content\/uploads\/MG_3837-221x300.jpg 221w\" sizes=\"(max-width: 737px) 100vw, 737px\" \/><\/figure><\/li><li class=\"wp-block-jetpack-slideshow_slide swiper-slide\"><figure><img loading=\"lazy\" decoding=\"async\" width=\"736\" height=\"1000\" alt=\"Studentfoto bildateljen\" class=\"wp-block-jetpack-slideshow_image wp-image-404\" data-id=\"404\" src=\"https:\/\/bildateljen.se\/wp-content\/uploads\/MG_3808.jpg\" srcset=\"https:\/\/bildateljen.se\/wp-content\/uploads\/MG_3808.jpg 736w, https:\/\/bildateljen.se\/wp-content\/uploads\/MG_3808-220x300.jpg 220w\" sizes=\"(max-width: 736px) 100vw, 736px\" \/><\/figure><\/li><li class=\"wp-block-jetpack-slideshow_slide swiper-slide\"><figure><img loading=\"lazy\" decoding=\"async\" width=\"742\" height=\"1000\" alt=\"Studentfoto bildateljen\" class=\"wp-block-jetpack-slideshow_image wp-image-402\" data-id=\"402\" src=\"https:\/\/bildateljen.se\/wp-content\/uploads\/MG_3803.jpg\" srcset=\"https:\/\/bildateljen.se\/wp-content\/uploads\/MG_3803.jpg 742w, https:\/\/bildateljen.se\/wp-content\/uploads\/MG_3803-222x300.jpg 222w\" sizes=\"(max-width: 742px) 100vw, 742px\" \/><\/figure><\/li><li class=\"wp-block-jetpack-slideshow_slide swiper-slide\"><figure><img loading=\"lazy\" decoding=\"async\" width=\"1000\" height=\"1000\" alt=\"Studentfoto\" class=\"wp-block-jetpack-slideshow_image wp-image-399\" data-id=\"399\" src=\"https:\/\/bildateljen.se\/wp-content\/uploads\/marika.jpg\" srcset=\"https:\/\/bildateljen.se\/wp-content\/uploads\/marika.jpg 1000w, https:\/\/bildateljen.se\/wp-content\/uploads\/marika-150x150.jpg 150w, https:\/\/bildateljen.se\/wp-content\/uploads\/marika-300x300.jpg 300w, https:\/\/bildateljen.se\/wp-content\/uploads\/marika-160x160.jpg 160w, https:\/\/bildateljen.se\/wp-content\/uploads\/marika-600x600.jpg 600w, https:\/\/bildateljen.se\/wp-content\/uploads\/marika-80x80.jpg 80w, https:\/\/bildateljen.se\/wp-content\/uploads\/marika-320x320.jpg 320w\" sizes=\"(max-width: 1000px) 100vw, 1000px\" \/><figcaption class=\"wp-block-jetpack-slideshow_caption gallery-caption\">F\u00f6rsta studenten ut f\u00f6r i \u00e5r<\/figcaption><\/figure><\/li><\/ul><a class=\"wp-block-jetpack-slideshow_button-prev swiper-button-prev swiper-button-white\" role=\"button\"><\/a><a class=\"wp-block-jetpack-slideshow_button-next swiper-button-next swiper-button-white\" role=\"button\"><\/a><a aria-label=\"Pause Slideshow\" class=\"wp-block-jetpack-slideshow_button-pause\" role=\"button\"><\/a><div class=\"wp-block-jetpack-slideshow_pagination swiper-pagination swiper-pagination-white\"><\/div><\/div><\/div>\n<!-- AddThis Advanced Settings generic via filter on the_content --><!-- AddThis Share Buttons generic via filter on the_content -->","protected":false},"excerpt":{"rendered":"<p>Student-konfirmations fotografering sker i atelj\u00e9 eller i direkt anslutning till atelj\u00e9n. <!-- AddThis Advanced Settings generic via filter on get_the_excerpt --><!-- AddThis Share Buttons generic via filter on get_the_excerpt --><\/p>\n","protected":false},"author":1,"featured_media":0,"parent":307,"menu_order":1,"comment_status":"open","ping_status":"closed","template":"page-templates\/front-page.php","meta":{"advanced_seo_description":"","jetpack_seo_html_title":"","jetpack_seo_noindex":false,"footnotes":""},"class_list":["post-1966","page","type-page","status-publish","hentry"],"jetpack_shortlink":"https:\/\/wp.me\/P8u969-vI","jetpack-related-posts":[],"jetpack_likes_enabled":true,"jetpack_sharing_enabled":true,"_links":{"self":[{"href":"https:\/\/bildateljen.se\/index.php?rest_route=\/wp\/v2\/pages\/1966","targetHints":{"allow":["GET"]}}],"collection":[{"href":"https:\/\/bildateljen.se\/index.php?rest_route=\/wp\/v2\/pages"}],"about":[{"href":"https:\/\/bildateljen.se\/index.php?rest_route=\/wp\/v2\/types\/page"}],"author":[{"embeddable":true,"href":"https:\/\/bildateljen.se\/index.php?rest_route=\/wp\/v2\/users\/1"}],"replies":[{"embeddable":true,"href":"https:\/\/bildateljen.se\/index.php?rest_route=%2Fwp%2Fv2%2Fcomments&post=1966"}],"version-history":[{"count":2,"href":"https:\/\/bildateljen.se\/index.php?rest_route=\/wp\/v2\/pages\/1966\/revisions"}],"predecessor-version":[{"id":1976,"href":"https:\/\/bildateljen.se\/index.php?rest_route=\/wp\/v2\/pages\/1966\/revisions\/1976"}],"up":[{"embeddable":true,"href":"https:\/\/bildateljen.se\/index.php?rest_route=\/wp\/v2\/pages\/307"}],"wp:attachment":[{"href":"https:\/\/bildateljen.se\/index.php?rest_route=%2Fwp%2Fv2%2Fmedia&parent=1966"}],"curies":[{"name":"wp","href":"https:\/\/api.w.org\/{rel}","templated":true}]}}